{"id":2031,"date":"2024-11-27T08:17:35","date_gmt":"2024-11-27T08:17:35","guid":{"rendered":"https:\/\/optimalsolutions.fi\/?page_id=2031"},"modified":"2024-11-27T11:32:53","modified_gmt":"2024-11-27T11:32:53","slug":"cosmetics","status":"publish","type":"page","link":"https:\/\/optimalsolutions.fi\/fi\/cosmetics\/","title":{"rendered":"Kosmetiikka"},"content":{"rendered":"<div data-elementor-type=\"wp-page\" data-elementor-id=\"2031\" class=\"elementor elementor-2031\">\n\t\t\t\t\t\t\t<div class=\"elementor-element elementor-element-0276406 e-flex e-con-boxed e-con e-parent\" data-id=\"0276406\" data-element_type=\"container\" data-settings=\"{&quot;content_width&quot;:&quot;boxed&quot;}\" data-core-v316-plus=\"true\">\n\t\t\t\t\t<div class=\"e-con-inner\">\n\t\t\t\t<div class=\"elementor-element elementor-element-2b976ed elementor-widget elementor-widget-heading\" data-id=\"2b976ed\" data-element_type=\"widget\" data-widget_type=\"heading.default\">\n\t\t\t\t<div class=\"elementor-widget-container\">\n\t\t\t<style>\/*! elementor - v3.18.0 - 20-12-2023 *\/\n.elementor-heading-title{padding:0;margin:0;line-height:1}.elementor-widget-heading .elementor-heading-title[class*=elementor-size-]>a{color:inherit;font-size:inherit;line-height:inherit}.elementor-widget-heading .elementor-heading-title.elementor-size-small{font-size:15px}.elementor-widget-heading .elementor-heading-title.elementor-size-medium{font-size:19px}.elementor-widget-heading .elementor-heading-title.elementor-size-large{font-size:29px}.elementor-widget-heading .elementor-heading-title.elementor-size-xl{font-size:39px}.elementor-widget-heading .elementor-heading-title.elementor-size-xxl{font-size:59px}<\/style><h2 class=\"elementor-heading-title elementor-size-default\">KAUNEUDEN TARJOAJASI<\/h2>\t\t<\/div>\n\t\t\t\t<\/div>\n\t\t\t\t\t<\/div>\n\t\t\t\t<\/div>\n\t\t<div class=\"elementor-element elementor-element-7a3ef21 e-flex e-con-boxed e-con e-parent\" data-id=\"7a3ef21\" data-element_type=\"container\" data-settings=\"{&quot;content_width&quot;:&quot;boxed&quot;}\" data-core-v316-plus=\"true\">\n\t\t\t\t\t<div class=\"e-con-inner\">\n\t\t\t\t<div class=\"elementor-element elementor-element-94eaded elementor-drop-cap-yes elementor-drop-cap-view-default elementor-widget elementor-widget-text-editor\" data-id=\"94eaded\" data-element_type=\"widget\" data-settings=\"{&quot;drop_cap&quot;:&quot;yes&quot;}\" data-widget_type=\"text-editor.default\">\n\t\t\t\t<div class=\"elementor-widget-container\">\n\t\t\t<style>\/*! elementor - v3.18.0 - 20-12-2023 *\/\n.elementor-widget-text-editor.elementor-drop-cap-view-stacked .elementor-drop-cap{background-color:#69727d;color:#fff}.elementor-widget-text-editor.elementor-drop-cap-view-framed .elementor-drop-cap{color:#69727d;border:3px solid;background-color:transparent}.elementor-widget-text-editor:not(.elementor-drop-cap-view-default) .elementor-drop-cap{margin-top:8px}.elementor-widget-text-editor:not(.elementor-drop-cap-view-default) .elementor-drop-cap-letter{width:1em;height:1em}.elementor-widget-text-editor .elementor-drop-cap{float:left;text-align:center;line-height:1;font-size:50px}.elementor-widget-text-editor .elementor-drop-cap-letter{display:inline-block}<\/style>\t\t\t\t<div id=\"zba03f\" class=\"text-box layout-element__component layout-element__component--GridTextBox\" data-v-9ddc5313=\"\" data-qa=\"gridtextbox:zba03f\"><h5 dir=\"auto\">Ammattimaisten ja ylellisten ihonhoito-, hiustenhoito-, tuoksu- ja kosmetiikkatuotteiden pohjoismaiset jakelijat.<\/h5><\/div>\t\t\t\t\t\t<\/div>\n\t\t\t\t<\/div>\n\t\t\t\t\t<\/div>\n\t\t\t\t<\/div>\n\t\t<div class=\"elementor-element elementor-element-9b0cbc5 e-flex e-con-boxed e-con e-parent\" data-id=\"9b0cbc5\" data-element_type=\"container\" data-settings=\"{&quot;content_width&quot;:&quot;boxed&quot;}\" data-core-v316-plus=\"true\">\n\t\t\t\t\t<div class=\"e-con-inner\">\n\t\t<div class=\"elementor-element elementor-element-f433d4e e-con-full e-flex e-con e-child\" data-id=\"f433d4e\" data-element_type=\"container\" data-settings=\"{&quot;content_width&quot;:&quot;full&quot;}\">\n\t\t\t\t<div class=\"elementor-element elementor-element-a90a688 elementor-widget elementor-widget-image\" data-id=\"a90a688\" data-element_type=\"widget\" data-widget_type=\"image.default\">\n\t\t\t\t<div class=\"elementor-widget-container\">\n\t\t\t<style>\/*! elementor - v3.18.0 - 20-12-2023 *\/\n.elementor-widget-image{text-align:center}.elementor-widget-image a{display:inline-block}.elementor-widget-image a img[src$=\".svg\"]{width:48px}.elementor-widget-image img{vertical-align:middle;display:inline-block}<\/style>\t\t\t\t\t\t\t\t\t\t\t\t<img fetchpriority=\"high\" decoding=\"async\" width=\"612\" height=\"479\" src=\"https:\/\/optimalsolutions.fi\/wp-content\/uploads\/2024\/11\/WhatsApp-Image-2024-11-27-at-3.07.49-PM.jpeg\" class=\"attachment-large size-large wp-image-2066\" alt=\"\" srcset=\"https:\/\/optimalsolutions.fi\/wp-content\/uploads\/2024\/11\/WhatsApp-Image-2024-11-27-at-3.07.49-PM.jpeg 612w, https:\/\/optimalsolutions.fi\/wp-content\/uploads\/2024\/11\/WhatsApp-Image-2024-11-27-at-3.07.49-PM-300x235.jpeg 300w, https:\/\/optimalsolutions.fi\/wp-content\/uploads\/2024\/11\/WhatsApp-Image-2024-11-27-at-3.07.49-PM-15x12.jpeg 15w\" sizes=\"(max-width: 612px) 100vw, 612px\" \/>\t\t\t\t\t\t\t\t\t\t\t\t\t\t\t<\/div>\n\t\t\t\t<\/div>\n\t\t\t\t<\/div>\n\t\t<div class=\"elementor-element elementor-element-08c925a e-con-full e-flex e-con e-child\" data-id=\"08c925a\" data-element_type=\"container\" data-settings=\"{&quot;content_width&quot;:&quot;full&quot;}\">\n\t\t\t\t<\/div>\n\t\t<div class=\"elementor-element elementor-element-a92500e e-con-full e-flex e-con e-child\" data-id=\"a92500e\" data-element_type=\"container\" data-settings=\"{&quot;content_width&quot;:&quot;full&quot;}\">\n\t\t\t\t<\/div>\n\t\t<div class=\"elementor-element elementor-element-97e27dd e-con-full e-flex e-con e-child\" data-id=\"97e27dd\" data-element_type=\"container\" data-settings=\"{&quot;content_width&quot;:&quot;full&quot;}\">\n\t\t\t\t<div class=\"elementor-element elementor-element-dedd11c elementor-widget elementor-widget-text-editor\" data-id=\"dedd11c\" data-element_type=\"widget\" data-widget_type=\"text-editor.default\">\n\t\t\t\t<div class=\"elementor-widget-container\">\n\t\t\t\t\t\t\t<p>Tavoitteenamme on tulla ensisijaiseksi valinnaksesi kauneuden jakelijana, tarjoten sinulle maailmanlaajuisesti tunnustettuja ammattimaisia ihonhoito-, hiustenhoito-, tuoksu- ja kosmetiikkabr\u00e4ndej\u00e4.<\/p>\t\t\t\t\t\t<\/div>\n\t\t\t\t<\/div>\n\t\t\t\t<\/div>\n\t\t<div class=\"elementor-element elementor-element-6502f56 e-con-full e-flex e-con e-child\" data-id=\"6502f56\" data-element_type=\"container\" data-settings=\"{&quot;content_width&quot;:&quot;full&quot;}\">\n\t\t\t\t<div class=\"elementor-element elementor-element-7ad4890 elementor-widget elementor-widget-text-editor\" data-id=\"7ad4890\" data-element_type=\"widget\" data-widget_type=\"text-editor.default\">\n\t\t\t\t<div class=\"elementor-widget-container\">\n\t\t\t\t\t\t\t<p>Rakentaaksemme pitk\u00e4aikaisia suhteita kumppaneiden kanssa jakamalla tietomme ja maailmanlaajuisen kokemuksemme edustamistamme br\u00e4ndeist\u00e4.<\/p>\t\t\t\t\t\t<\/div>\n\t\t\t\t<\/div>\n\t\t\t\t<\/div>\n\t\t<div class=\"elementor-element elementor-element-360c024 e-con-full e-flex e-con e-child\" data-id=\"360c024\" data-element_type=\"container\" data-settings=\"{&quot;content_width&quot;:&quot;full&quot;}\">\n\t\t\t\t<div class=\"elementor-element elementor-element-25df8f8 elementor-widget elementor-widget-text-editor\" data-id=\"25df8f8\" data-element_type=\"widget\" data-widget_type=\"text-editor.default\">\n\t\t\t\t<div class=\"elementor-widget-container\">\n\t\t\t\t\t\t\t<p>Tuodaksemme laadukkaita, tuloshakuisia ja ylellisi\u00e4 kokemuksia kauneusyhteis\u00f6lle ja kasvaaksemme yhdess\u00e4 kanssasi kumppanina samalla kun pid\u00e4mme hauskaa!<\/p>\t\t\t\t\t\t<\/div>\n\t\t\t\t<\/div>\n\t\t\t\t<\/div>\n\t\t\t\t\t<\/div>\n\t\t\t\t<\/div>\n\t\t\t\t\t\t\t<\/div>","protected":false},"excerpt":{"rendered":"<p>YOUR BEAUTY PROVIDER Nordic distributors of Professional &amp; Luxurious Skincare Treatments, Haircare, Fragrance &amp; Cosmetic brands. We aim to become the preferred choice as your beauty distributor, providing you with globally recognized Professional Skincare Treatments, Haircare, Fragrances and Cosmetic brands. To build long-term relationships with partners by sharing our knowledge and global experience of the &hellip;<\/p>\n<p class=\"read-more\"> <a class=\"\" href=\"https:\/\/optimalsolutions.fi\/fi\/cosmetics\/\"> <span class=\"screen-reader-text\">Kosmetiikka<\/span> Lue lis\u00e4\u00e4 &raquo;<\/a><\/p>","protected":false},"author":1,"featured_media":0,"parent":0,"menu_order":0,"comment_status":"closed","ping_status":"closed","template":"","meta":{"site-sidebar-layout":"no-sidebar","site-content-layout":"page-builder","ast-site-content-layout":"full-width-container","site-content-style":"default","site-sidebar-style":"default","ast-global-header-display":"","ast-banner-title-visibility":"","ast-main-header-display":"","ast-hfb-above-header-display":"","ast-hfb-below-header-display":"","ast-hfb-mobile-header-display":"","site-post-title":"disabled","ast-breadcrumbs-content":"","ast-featured-img":"disabled","footer-sml-layout":"","theme-transparent-header-meta":"","adv-header-id-meta":"","stick-header-meta":"","header-above-stick-meta":"","header-main-stick-meta":"","header-below-stick-meta":"","astra-migrate-meta-layouts":"set","ast-page-background-enabled":"default","ast-page-background-meta":{"desktop":{"background-color":"","background-image":"","background-repeat":"repeat","background-position":"center center","background-size":"auto","background-attachment":"scroll","background-type":"","background-media":"","overlay-type":"","overlay-color":"","overlay-gradient":""},"tablet":{"background-color":"","background-image":"","background-repeat":"repeat","background-position":"center center","background-size":"auto","background-attachment":"scroll","background-type":"","background-media":"","overlay-type":"","overlay-color":"","overlay-gradient":""},"mobile":{"background-color":"","background-image":"","background-repeat":"repeat","background-position":"center center","background-size":"auto","background-attachment":"scroll","background-type":"","background-media":"","overlay-type":"","overlay-color":"","overlay-gradient":""}},"ast-content-background-meta":{"desktop":{"background-color":"var(--ast-global-color-5)","background-image":"","background-repeat":"repeat","background-position":"center center","background-size":"auto","background-attachment":"scroll","background-type":"","background-media":"","overlay-type":"","overlay-color":"","overlay-gradient":""},"tablet":{"background-color":"var(--ast-global-color-5)","background-image":"","background-repeat":"repeat","background-position":"center center","background-size":"auto","background-attachment":"scroll","background-type":"","background-media":"","overlay-type":"","overlay-color":"","overlay-gradient":""},"mobile":{"background-color":"var(--ast-global-color-5)","background-image":"","background-repeat":"repeat","background-position":"center center","background-size":"auto","background-attachment":"scroll","background-type":"","background-media":"","overlay-type":"","overlay-color":"","overlay-gradient":""}},"footnotes":""},"class_list":["post-2031","page","type-page","status-publish","hentry"],"_links":{"self":[{"href":"https:\/\/optimalsolutions.fi\/fi\/wp-json\/wp\/v2\/pages\/2031","targetHints":{"allow":["GET"]}}],"collection":[{"href":"https:\/\/optimalsolutions.fi\/fi\/wp-json\/wp\/v2\/pages"}],"about":[{"href":"https:\/\/optimalsolutions.fi\/fi\/wp-json\/wp\/v2\/types\/page"}],"author":[{"embeddable":true,"href":"https:\/\/optimalsolutions.fi\/fi\/wp-json\/wp\/v2\/users\/1"}],"replies":[{"embeddable":true,"href":"https:\/\/optimalsolutions.fi\/fi\/wp-json\/wp\/v2\/comments?post=2031"}],"version-history":[{"count":36,"href":"https:\/\/optimalsolutions.fi\/fi\/wp-json\/wp\/v2\/pages\/2031\/revisions"}],"predecessor-version":[{"id":2072,"href":"https:\/\/optimalsolutions.fi\/fi\/wp-json\/wp\/v2\/pages\/2031\/revisions\/2072"}],"wp:attachment":[{"href":"https:\/\/optimalsolutions.fi\/fi\/wp-json\/wp\/v2\/media?parent=2031"}],"curies":[{"name":"wp","href":"https:\/\/api.w.org\/{rel}","templated":true}]}}