{"id":246,"date":"2021-04-29T03:36:59","date_gmt":"2021-04-29T03:36:59","guid":{"rendered":"https:\/\/optimalsolutions.fi\/index.php\/services\/"},"modified":"2023-12-21T16:00:59","modified_gmt":"2023-12-21T16:00:59","slug":"services","status":"publish","type":"page","link":"https:\/\/optimalsolutions.fi\/fi\/services\/","title":{"rendered":"Palvelut"},"content":{"rendered":"<div data-elementor-type=\"wp-page\" data-elementor-id=\"246\" class=\"elementor elementor-246\">\n\t\t\t\t\t\t\t<div class=\"elementor-element elementor-element-2a7aef3 e-flex e-con-boxed e-con e-parent\" data-id=\"2a7aef3\" data-element_type=\"container\" data-settings=\"{&quot;background_background&quot;:&quot;classic&quot;,&quot;content_width&quot;:&quot;boxed&quot;}\" data-core-v316-plus=\"true\">\n\t\t\t\t\t<div class=\"e-con-inner\">\n\t\t<div class=\"elementor-element elementor-element-d3b1466 e-con-full e-flex e-con e-child\" data-id=\"d3b1466\" data-element_type=\"container\" data-settings=\"{&quot;content_width&quot;:&quot;full&quot;}\">\n\t\t\t\t<div class=\"elementor-element elementor-element-7a0f9b0 elementor-vertical-align-top elementor-widget elementor-widget-image-box\" data-id=\"7a0f9b0\" data-element_type=\"widget\" data-widget_type=\"image-box.default\">\n\t\t\t\t<div class=\"elementor-widget-container\">\n\t\t\t<style>\/*! elementor - v3.18.0 - 20-12-2023 *\/\n.elementor-widget-image-box .elementor-image-box-content{width:100%}@media (min-width:768px){.elementor-widget-image-box.elementor-position-left .elementor-image-box-wrapper,.elementor-widget-image-box.elementor-position-right .elementor-image-box-wrapper{display:flex}.elementor-widget-image-box.elementor-position-right .elementor-image-box-wrapper{text-align:right;flex-direction:row-reverse}.elementor-widget-image-box.elementor-position-left .elementor-image-box-wrapper{text-align:left;flex-direction:row}.elementor-widget-image-box.elementor-position-top .elementor-image-box-img{margin:auto}.elementor-widget-image-box.elementor-vertical-align-top .elementor-image-box-wrapper{align-items:flex-start}.elementor-widget-image-box.elementor-vertical-align-middle .elementor-image-box-wrapper{align-items:center}.elementor-widget-image-box.elementor-vertical-align-bottom .elementor-image-box-wrapper{align-items:flex-end}}@media (max-width:767px){.elementor-widget-image-box .elementor-image-box-img{margin-left:auto!important;margin-right:auto!important;margin-bottom:15px}}.elementor-widget-image-box .elementor-image-box-img{display:inline-block}.elementor-widget-image-box .elementor-image-box-title a{color:inherit}.elementor-widget-image-box .elementor-image-box-wrapper{text-align:center}.elementor-widget-image-box .elementor-image-box-description{margin:0}<\/style><div class=\"elementor-image-box-wrapper\"><div class=\"elementor-image-box-content\"><h1 class=\"elementor-image-box-title\">Palvelut<\/h1><p class=\"elementor-image-box-description\">OPTIMAL SOLUTIONSin omistautuminen ylitt\u00e4\u00e4 perinteiset jakeluk\u00e4yt\u00e4nn\u00f6t; pyrimme tarjoamaan kokonaisvaltaisia palveluita, jotka antavat yrityksille mahdollisuuden menesty\u00e4 nykyp\u00e4iv\u00e4n dynaamisessa ja teknologiavetoisessa ymp\u00e4rist\u00f6ss\u00e4.<\/p><\/div><\/div>\t\t<\/div>\n\t\t\t\t<\/div>\n\t\t\t\t<\/div>\n\t\t\t\t\t<\/div>\n\t\t\t\t<\/div>\n\t\t<div class=\"elementor-element elementor-element-bb2ea1b e-flex e-con-boxed e-con e-parent\" data-id=\"bb2ea1b\" data-element_type=\"container\" data-settings=\"{&quot;content_width&quot;:&quot;boxed&quot;}\" data-core-v316-plus=\"true\">\n\t\t\t\t\t<div class=\"e-con-inner\">\n\t\t<div class=\"elementor-element elementor-element-6169a71 e-con-full e-flex e-con e-child\" data-id=\"6169a71\" data-element_type=\"container\" data-settings=\"{&quot;content_width&quot;:&quot;full&quot;}\">\n\t\t\t\t<div class=\"elementor-element elementor-element-23b3f1f elementor-widget elementor-widget-heading\" data-id=\"23b3f1f\" data-element_type=\"widget\" data-widget_type=\"heading.default\">\n\t\t\t\t<div class=\"elementor-widget-container\">\n\t\t\t<style>\/*! elementor - v3.18.0 - 20-12-2023 *\/\n.elementor-heading-title{padding:0;margin:0;line-height:1}.elementor-widget-heading .elementor-heading-title[class*=elementor-size-]>a{color:inherit;font-size:inherit;line-height:inherit}.elementor-widget-heading .elementor-heading-title.elementor-size-small{font-size:15px}.elementor-widget-heading .elementor-heading-title.elementor-size-medium{font-size:19px}.elementor-widget-heading .elementor-heading-title.elementor-size-large{font-size:29px}.elementor-widget-heading .elementor-heading-title.elementor-size-xl{font-size:39px}.elementor-widget-heading .elementor-heading-title.elementor-size-xxl{font-size:59px}<\/style><h2 class=\"elementor-heading-title elementor-size-default\">kuinka voimme auttaa sinua?<\/h2>\t\t<\/div>\n\t\t\t\t<\/div>\n\t\t<div class=\"elementor-element elementor-element-a43bafc e-con-full e-flex e-con e-child\" data-id=\"a43bafc\" data-element_type=\"container\" data-settings=\"{&quot;content_width&quot;:&quot;full&quot;}\">\n\t\t<div class=\"elementor-element elementor-element-e52cdec e-con-full e-flex e-con e-child\" data-id=\"e52cdec\" data-element_type=\"container\" data-settings=\"{&quot;content_width&quot;:&quot;full&quot;}\">\n\t\t\t\t<div class=\"elementor-element elementor-element-964ebfa elementor-widget elementor-widget-image\" data-id=\"964ebfa\" data-element_type=\"widget\" data-widget_type=\"image.default\">\n\t\t\t\t<div class=\"elementor-widget-container\">\n\t\t\t<style>\/*! elementor - v3.18.0 - 20-12-2023 *\/\n.elementor-widget-image{text-align:center}.elementor-widget-image a{display:inline-block}.elementor-widget-image a img[src$=\".svg\"]{width:48px}.elementor-widget-image img{vertical-align:middle;display:inline-block}<\/style>\t\t\t\t\t\t\t\t\t\t\t\t<img fetchpriority=\"high\" decoding=\"async\" width=\"1024\" height=\"585\" src=\"https:\/\/optimalsolutions.fi\/wp-content\/uploads\/2023\/12\/cc993ae89345d74d091ad4712732653f-1024x585.png\" class=\"attachment-large size-large wp-image-1836\" alt=\"\" srcset=\"https:\/\/optimalsolutions.fi\/wp-content\/uploads\/2023\/12\/cc993ae89345d74d091ad4712732653f-1024x585.png 1024w, https:\/\/optimalsolutions.fi\/wp-content\/uploads\/2023\/12\/cc993ae89345d74d091ad4712732653f-300x171.png 300w, https:\/\/optimalsolutions.fi\/wp-content\/uploads\/2023\/12\/cc993ae89345d74d091ad4712732653f-768x439.png 768w, https:\/\/optimalsolutions.fi\/wp-content\/uploads\/2023\/12\/cc993ae89345d74d091ad4712732653f-1536x878.png 1536w, https:\/\/optimalsolutions.fi\/wp-content\/uploads\/2023\/12\/cc993ae89345d74d091ad4712732653f-18x10.png 18w, https:\/\/optimalsolutions.fi\/wp-content\/uploads\/2023\/12\/cc993ae89345d74d091ad4712732653f.png 1792w\" sizes=\"(max-width: 1024px) 100vw, 1024px\" \/>\t\t\t\t\t\t\t\t\t\t\t\t\t\t\t<\/div>\n\t\t\t\t<\/div>\n\t\t\t\t<div class=\"elementor-element elementor-element-9fc65dd elementor-widget elementor-widget-heading\" data-id=\"9fc65dd\" data-element_type=\"widget\" data-widget_type=\"heading.default\">\n\t\t\t\t<div class=\"elementor-widget-container\">\n\t\t\t<h4 class=\"elementor-heading-title elementor-size-default\">R\u00e4\u00e4t\u00e4l\u00f6idyt Laiteratkaisut<\/h4>\t\t<\/div>\n\t\t\t\t<\/div>\n\t\t\t\t<div class=\"elementor-element elementor-element-886a630 elementor-widget elementor-widget-text-editor\" data-id=\"886a630\" data-element_type=\"widget\" data-widget_type=\"text-editor.default\">\n\t\t\t\t<div class=\"elementor-widget-container\">\n\t\t\t<style>\/*! elementor - v3.18.0 - 20-12-2023 *\/\n.elementor-widget-text-editor.elementor-drop-cap-view-stacked .elementor-drop-cap{background-color:#69727d;color:#fff}.elementor-widget-text-editor.elementor-drop-cap-view-framed .elementor-drop-cap{color:#69727d;border:3px solid;background-color:transparent}.elementor-widget-text-editor:not(.elementor-drop-cap-view-default) .elementor-drop-cap{margin-top:8px}.elementor-widget-text-editor:not(.elementor-drop-cap-view-default) .elementor-drop-cap-letter{width:1em;height:1em}.elementor-widget-text-editor .elementor-drop-cap{float:left;text-align:center;line-height:1;font-size:50px}.elementor-widget-text-editor .elementor-drop-cap-letter{display:inline-block}<\/style>\t\t\t\t<p>Erikoistumme r\u00e4\u00e4t\u00e4l\u00f6im\u00e4\u00e4n ja toimittamaan laiteratkaisuja, jotka on tarkasti suunniteltu vastaamaan monien eri teollisuudenalojen ja liiketoimintojen ainutlaatuisiin vaatimuksiin.<\/p>\t\t\t\t\t\t<\/div>\n\t\t\t\t<\/div>\n\t\t\t\t<\/div>\n\t\t<div class=\"elementor-element elementor-element-39aff25 e-con-full e-flex e-con e-child\" data-id=\"39aff25\" data-element_type=\"container\" data-settings=\"{&quot;content_width&quot;:&quot;full&quot;}\">\n\t\t\t\t<div class=\"elementor-element elementor-element-568c19c elementor-widget elementor-widget-image\" data-id=\"568c19c\" data-element_type=\"widget\" data-widget_type=\"image.default\">\n\t\t\t\t<div class=\"elementor-widget-container\">\n\t\t\t\t\t\t\t\t\t\t\t\t\t\t\t<img decoding=\"async\" width=\"1024\" height=\"585\" src=\"https:\/\/optimalsolutions.fi\/wp-content\/uploads\/2023\/12\/Result-1024x585.webp\" class=\"attachment-large size-large wp-image-1925\" alt=\"\" srcset=\"https:\/\/optimalsolutions.fi\/wp-content\/uploads\/2023\/12\/Result-1024x585.webp 1024w, https:\/\/optimalsolutions.fi\/wp-content\/uploads\/2023\/12\/Result-300x171.webp 300w, https:\/\/optimalsolutions.fi\/wp-content\/uploads\/2023\/12\/Result-768x439.webp 768w, https:\/\/optimalsolutions.fi\/wp-content\/uploads\/2023\/12\/Result-1536x878.webp 1536w, https:\/\/optimalsolutions.fi\/wp-content\/uploads\/2023\/12\/Result-18x10.webp 18w, https:\/\/optimalsolutions.fi\/wp-content\/uploads\/2023\/12\/Result.webp 1792w\" sizes=\"(max-width: 1024px) 100vw, 1024px\" \/>\t\t\t\t\t\t\t\t\t\t\t\t\t\t\t<\/div>\n\t\t\t\t<\/div>\n\t\t\t\t<div class=\"elementor-element elementor-element-a4284d9 elementor-widget elementor-widget-heading\" data-id=\"a4284d9\" data-element_type=\"widget\" data-widget_type=\"heading.default\">\n\t\t\t\t<div class=\"elementor-widget-container\">\n\t\t\t<h4 class=\"elementor-heading-title elementor-size-default\">Asiantuntijatuki<\/h4>\t\t<\/div>\n\t\t\t\t<\/div>\n\t\t\t\t<div class=\"elementor-element elementor-element-37816d8 elementor-widget elementor-widget-text-editor\" data-id=\"37816d8\" data-element_type=\"widget\" data-widget_type=\"text-editor.default\">\n\t\t\t\t<div class=\"elementor-widget-container\">\n\t\t\t\t\t\t\t<p>Kokeneet ammattilaisemme tarjoavat korvaamatonta asiantuntijatukea, ohjaten asiakkaita valitsemaan juuri heid\u00e4n erityistarpeisiinsa ja tavoitteisiinsa parhaiten sopivat laitteet ja ratkaisut.<\/p>\t\t\t\t\t\t<\/div>\n\t\t\t\t<\/div>\n\t\t\t\t<\/div>\n\t\t<div class=\"elementor-element elementor-element-9c24641 e-con-full e-flex e-con e-child\" data-id=\"9c24641\" data-element_type=\"container\" data-settings=\"{&quot;content_width&quot;:&quot;full&quot;}\">\n\t\t\t\t<div class=\"elementor-element elementor-element-7d3985a elementor-widget elementor-widget-image\" data-id=\"7d3985a\" data-element_type=\"widget\" data-widget_type=\"image.default\">\n\t\t\t\t<div class=\"elementor-widget-container\">\n\t\t\t\t\t\t\t\t\t\t\t\t\t\t\t<img decoding=\"async\" src=\"https:\/\/optimalsolutions.fi\/wp-content\/uploads\/elementor\/thumbs\/WhatsApp-Image-2023-12-19-at-4.48.46-PM-qh2wunq4upcqteur7itnbvcds2rmbbwdd8glo7rxvw.jpeg\" title=\"WhatsApp Image 2023-12-19 at 4.48.46 PM\" alt=\"WhatsApp Image 2023-12-19 at 4.48.46 PM\" loading=\"lazy\" \/>\t\t\t\t\t\t\t\t\t\t\t\t\t\t\t<\/div>\n\t\t\t\t<\/div>\n\t\t\t\t<div class=\"elementor-element elementor-element-55593d6 elementor-widget elementor-widget-heading\" data-id=\"55593d6\" data-element_type=\"widget\" data-widget_type=\"heading.default\">\n\t\t\t\t<div class=\"elementor-widget-container\">\n\t\t\t<h4 class=\"elementor-heading-title elementor-size-default\">Tuotevalikoiman Parantaminen<\/h4>\t\t<\/div>\n\t\t\t\t<\/div>\n\t\t\t\t<div class=\"elementor-element elementor-element-5bdbc6e elementor-widget elementor-widget-text-editor\" data-id=\"5bdbc6e\" data-element_type=\"widget\" data-widget_type=\"text-editor.default\">\n\t\t\t\t<div class=\"elementor-widget-container\">\n\t\t\t\t\t\t\t<p>Osallistumme aktiivisesti tuotevalikoimien p\u00e4ivitt\u00e4miseen ja monipuolistamiseen integroimalla markkinoilla saatavilla olevat uusimmat ja ajankohtaisimmat laiteratkaisut.<\/p>\t\t\t\t\t\t<\/div>\n\t\t\t\t<\/div>\n\t\t\t\t<\/div>\n\t\t\t\t<\/div>\n\t\t<div class=\"elementor-element elementor-element-2459345 e-con-full e-flex e-con e-child\" data-id=\"2459345\" data-element_type=\"container\" data-settings=\"{&quot;content_width&quot;:&quot;full&quot;}\">\n\t\t<div class=\"elementor-element elementor-element-94b497d e-con-full e-flex e-con e-child\" data-id=\"94b497d\" data-element_type=\"container\" data-settings=\"{&quot;content_width&quot;:&quot;full&quot;}\">\n\t\t\t\t<div class=\"elementor-element elementor-element-347d0f0 elementor-widget elementor-widget-image\" data-id=\"347d0f0\" data-element_type=\"widget\" data-widget_type=\"image.default\">\n\t\t\t\t<div class=\"elementor-widget-container\">\n\t\t\t\t\t\t\t\t\t\t\t\t\t\t\t<img decoding=\"async\" width=\"1024\" height=\"685\" src=\"https:\/\/optimalsolutions.fi\/wp-content\/uploads\/2023\/12\/ongoing_support_integration-1024x685.jpg\" class=\"attachment-large size-large wp-image-1938\" alt=\"\" srcset=\"https:\/\/optimalsolutions.fi\/wp-content\/uploads\/2023\/12\/ongoing_support_integration-1024x685.jpg 1024w, https:\/\/optimalsolutions.fi\/wp-content\/uploads\/2023\/12\/ongoing_support_integration-300x201.jpg 300w, https:\/\/optimalsolutions.fi\/wp-content\/uploads\/2023\/12\/ongoing_support_integration-768x514.jpg 768w, https:\/\/optimalsolutions.fi\/wp-content\/uploads\/2023\/12\/ongoing_support_integration-1536x1028.jpg 1536w, https:\/\/optimalsolutions.fi\/wp-content\/uploads\/2023\/12\/ongoing_support_integration-2048x1371.jpg 2048w, https:\/\/optimalsolutions.fi\/wp-content\/uploads\/2023\/12\/ongoing_support_integration-18x12.jpg 18w\" sizes=\"(max-width: 1024px) 100vw, 1024px\" \/>\t\t\t\t\t\t\t\t\t\t\t\t\t\t\t<\/div>\n\t\t\t\t<\/div>\n\t\t\t\t<div class=\"elementor-element elementor-element-e733ea8 elementor-widget elementor-widget-heading\" data-id=\"e733ea8\" data-element_type=\"widget\" data-widget_type=\"heading.default\">\n\t\t\t\t<div class=\"elementor-widget-container\">\n\t\t\t<h4 class=\"elementor-heading-title elementor-size-default\">Jatkuva Tuki ja Integraatio<\/h4>\t\t<\/div>\n\t\t\t\t<\/div>\n\t\t\t\t<div class=\"elementor-element elementor-element-0c4121b elementor-widget elementor-widget-text-editor\" data-id=\"0c4121b\" data-element_type=\"widget\" data-widget_type=\"text-editor.default\">\n\t\t\t\t<div class=\"elementor-widget-container\">\n\t\t\t\t\t\t\t<p>Sitoutumisemme ulottuu pidemm\u00e4lle kuin pelkk\u00e4 myyntivaihe. Tarjoamme jatkuvaa tukea varmistaaksemme jakamiemme laitteiden saumattoman integroinnin ja optimaalisen toimivuuden.<\/p>\t\t\t\t\t\t<\/div>\n\t\t\t\t<\/div>\n\t\t\t\t<\/div>\n\t\t\t\t<\/div>\n\t\t\t\t<div class=\"elementor-element elementor-element-31504df elementor-align-center elementor-widget elementor-widget-button\" data-id=\"31504df\" data-element_type=\"widget\" data-widget_type=\"button.default\">\n\t\t\t\t<div class=\"elementor-widget-container\">\n\t\t\t\t\t<div class=\"elementor-button-wrapper\">\n\t\t\t<a class=\"elementor-button elementor-button-link elementor-size-sm\" href=\"https:\/\/optimalsolutions.fi\/index.php\/contact\/\">\n\t\t\t\t\t\t<span class=\"elementor-button-content-wrapper\">\n\t\t\t\t\t\t<span class=\"elementor-button-icon elementor-align-icon-right\">\n\t\t\t\t<svg aria-hidden=\"true\" class=\"e-font-icon-svg e-fas-arrow-right\" viewbox=\"0 0 448 512\" xmlns=\"http:\/\/www.w3.org\/2000\/svg\"><path d=\"M190.5 66.9l22.2-22.2c9.4-9.4 24.6-9.4 33.9 0L441 239c9.4 9.4 9.4 24.6 0 33.9L246.6 467.3c-9.4 9.4-24.6 9.4-33.9 0l-22.2-22.2c-9.5-9.5-9.3-25 .4-34.3L311.4 296H24c-13.3 0-24-10.7-24-24v-32c0-13.3 10.7-24 24-24h287.4L190.9 101.2c-9.8-9.3-10-24.8-.4-34.3z\"><\/path><\/svg>\t\t\t<\/span>\n\t\t\t\t\t\t<span class=\"elementor-button-text\">Varaa konsultaatio<\/span>\n\t\t<\/span>\n\t\t\t\t\t<\/a>\n\t\t<\/div>\n\t\t\t\t<\/div>\n\t\t\t\t<\/div>\n\t\t\t\t<\/div>\n\t\t\t\t\t<\/div>\n\t\t\t\t<\/div>\n\t\t<div class=\"elementor-element elementor-element-90bc7f4 e-flex e-con-boxed e-con e-parent\" data-id=\"90bc7f4\" data-element_type=\"container\" data-settings=\"{&quot;background_background&quot;:&quot;classic&quot;,&quot;content_width&quot;:&quot;boxed&quot;}\" data-core-v316-plus=\"true\">\n\t\t\t\t\t<div class=\"e-con-inner\">\n\t\t<div class=\"elementor-element elementor-element-f813f01 e-con-full e-flex e-con e-child\" data-id=\"f813f01\" data-element_type=\"container\" data-settings=\"{&quot;content_width&quot;:&quot;full&quot;}\">\n\t\t\t\t<div class=\"elementor-element elementor-element-e527531 elementor-widget elementor-widget-image\" data-id=\"e527531\" data-element_type=\"widget\" data-widget_type=\"image.default\">\n\t\t\t\t<div class=\"elementor-widget-container\">\n\t\t\t\t\t\t\t\t\t\t\t\t\t\t\t<img decoding=\"async\" src=\"https:\/\/optimalsolutions.fi\/wp-content\/uploads\/elementor\/thumbs\/e7545c8064cf172c019a2ce07d0b308c-qgzcqh79yu05tl754a6em0rmvat2xmver06uwxopzc.png\" title=\"e7545c8064cf172c019a2ce07d0b308c\" alt=\"e7545c8064cf172c019a2ce07d0b308c\" loading=\"lazy\" \/>\t\t\t\t\t\t\t\t\t\t\t\t\t\t\t<\/div>\n\t\t\t\t<\/div>\n\t\t\t\t<\/div>\n\t\t<div class=\"elementor-element elementor-element-2a05206 e-con-full e-flex e-con e-child\" data-id=\"2a05206\" data-element_type=\"container\" data-settings=\"{&quot;background_background&quot;:&quot;classic&quot;,&quot;content_width&quot;:&quot;full&quot;}\">\n\t\t\t\t<div class=\"elementor-element elementor-element-9047eeb elementor-widget elementor-widget-heading\" data-id=\"9047eeb\" data-element_type=\"widget\" data-widget_type=\"heading.default\">\n\t\t\t\t<div class=\"elementor-widget-container\">\n\t\t\t<h2 class=\"elementor-heading-title elementor-size-default\">Olemme t\u00e4\u00e4ll\u00e4 auttaaksemme! Ota yhteytt\u00e4 t\u00e4n\u00e4\u00e4n!<\/h2>\t\t<\/div>\n\t\t\t\t<\/div>\n\t\t\t\t<div class=\"elementor-element elementor-element-cd386ce elementor-widget elementor-widget-button\" data-id=\"cd386ce\" data-element_type=\"widget\" data-widget_type=\"button.default\">\n\t\t\t\t<div class=\"elementor-widget-container\">\n\t\t\t\t\t<div class=\"elementor-button-wrapper\">\n\t\t\t<a class=\"elementor-button elementor-button-link elementor-size-sm\" href=\"https:\/\/optimalsolutions.fi\/contact\/\">\n\t\t\t\t\t\t<span class=\"elementor-button-content-wrapper\">\n\t\t\t\t\t\t<span class=\"elementor-button-icon elementor-align-icon-right\">\n\t\t\t\t<svg aria-hidden=\"true\" class=\"e-font-icon-svg e-fas-arrow-right\" viewbox=\"0 0 448 512\" xmlns=\"http:\/\/www.w3.org\/2000\/svg\"><path d=\"M190.5 66.9l22.2-22.2c9.4-9.4 24.6-9.4 33.9 0L441 239c9.4 9.4 9.4 24.6 0 33.9L246.6 467.3c-9.4 9.4-24.6 9.4-33.9 0l-22.2-22.2c-9.5-9.5-9.3-25 .4-34.3L311.4 296H24c-13.3 0-24-10.7-24-24v-32c0-13.3 10.7-24 24-24h287.4L190.9 101.2c-9.8-9.3-10-24.8-.4-34.3z\"><\/path><\/svg>\t\t\t<\/span>\n\t\t\t\t\t\t<span class=\"elementor-button-text\">Ota meihin yhteytt\u00e4<\/span>\n\t\t<\/span>\n\t\t\t\t\t<\/a>\n\t\t<\/div>\n\t\t\t\t<\/div>\n\t\t\t\t<\/div>\n\t\t\t\t<\/div>\n\t\t\t\t\t<\/div>\n\t\t\t\t<\/div>\n\t\t\t\t\t\t\t<\/div>","protected":false},"excerpt":{"rendered":"<p>Services We Offer OPTIMAL SOLUTIONS&#8217;s dedication surpasses conventional distribution practices; we strive to offer holistic services that empower businesses to thrive in today&#8217;s dynamic and technology-driven landscape. How can we help you? Tailored Hardware Solutions We specialise in curating and delivering hardware solutions precisely tailored to meet the unique demands of diverse industries and business &hellip;<\/p>\n<p class=\"read-more\"> <a class=\"\" href=\"https:\/\/optimalsolutions.fi\/fi\/services\/\"> <span class=\"screen-reader-text\">Palvelut<\/span> Lue lis\u00e4\u00e4 &raquo;<\/a><\/p>","protected":false},"author":1,"featured_media":0,"parent":0,"menu_order":0,"comment_status":"closed","ping_status":"closed","template":"","meta":{"site-sidebar-layout":"no-sidebar","site-content-layout":"page-builder","ast-site-content-layout":"","site-content-style":"default","site-sidebar-style":"default","ast-global-header-display":"","ast-banner-title-visibility":"","ast-main-header-display":"","ast-hfb-above-header-display":"","ast-hfb-below-header-display":"","ast-hfb-mobile-header-display":"","site-post-title":"disabled","ast-breadcrumbs-content":"","ast-featured-img":"disabled","footer-sml-layout":"","theme-transparent-header-meta":"enabled","adv-header-id-meta":"","stick-header-meta":"","header-above-stick-meta":"","header-main-stick-meta":"","header-below-stick-meta":"","astra-migrate-meta-layouts":"","ast-page-background-enabled":"default","ast-page-background-meta":{"desktop":{"background-color":"","background-image":"","background-repeat":"repeat","background-position":"center center","background-size":"auto","background-attachment":"scroll","background-type":"","background-media":"","overlay-type":"","overlay-color":"","overlay-gradient":""},"tablet":{"background-color":"","background-image":"","background-repeat":"repeat","background-position":"center center","background-size":"auto","background-attachment":"scroll","background-type":"","background-media":"","overlay-type":"","overlay-color":"","overlay-gradient":""},"mobile":{"background-color":"","background-image":"","background-repeat":"repeat","background-position":"center center","background-size":"auto","background-attachment":"scroll","background-type":"","background-media":"","overlay-type":"","overlay-color":"","overlay-gradient":""}},"ast-content-background-meta":{"desktop":{"background-color":"var(--ast-global-color-5)","background-image":"","background-repeat":"repeat","background-position":"center center","background-size":"auto","background-attachment":"scroll","background-type":"","background-media":"","overlay-type":"","overlay-color":"","overlay-gradient":""},"tablet":{"background-color":"var(--ast-global-color-5)","background-image":"","background-repeat":"repeat","background-position":"center center","background-size":"auto","background-attachment":"scroll","background-type":"","background-media":"","overlay-type":"","overlay-color":"","overlay-gradient":""},"mobile":{"background-color":"var(--ast-global-color-5)","background-image":"","background-repeat":"repeat","background-position":"center center","background-size":"auto","background-attachment":"scroll","background-type":"","background-media":"","overlay-type":"","overlay-color":"","overlay-gradient":""}},"footnotes":""},"class_list":["post-246","page","type-page","status-publish","hentry"],"_links":{"self":[{"href":"https:\/\/optimalsolutions.fi\/fi\/wp-json\/wp\/v2\/pages\/246","targetHints":{"allow":["GET"]}}],"collection":[{"href":"https:\/\/optimalsolutions.fi\/fi\/wp-json\/wp\/v2\/pages"}],"about":[{"href":"https:\/\/optimalsolutions.fi\/fi\/wp-json\/wp\/v2\/types\/page"}],"author":[{"embeddable":true,"href":"https:\/\/optimalsolutions.fi\/fi\/wp-json\/wp\/v2\/users\/1"}],"replies":[{"embeddable":true,"href":"https:\/\/optimalsolutions.fi\/fi\/wp-json\/wp\/v2\/comments?post=246"}],"version-history":[{"count":48,"href":"https:\/\/optimalsolutions.fi\/fi\/wp-json\/wp\/v2\/pages\/246\/revisions"}],"predecessor-version":[{"id":1941,"href":"https:\/\/optimalsolutions.fi\/fi\/wp-json\/wp\/v2\/pages\/246\/revisions\/1941"}],"wp:attachment":[{"href":"https:\/\/optimalsolutions.fi\/fi\/wp-json\/wp\/v2\/media?parent=246"}],"curies":[{"name":"wp","href":"https:\/\/api.w.org\/{rel}","templated":true}]}}